{"id":4665,"date":"2025-09-01T02:36:22","date_gmt":"2025-09-01T00:36:22","guid":{"rendered":"https:\/\/www.hirecrafts.com\/zglos-oferte-pracy\/"},"modified":"2025-09-18T16:07:52","modified_gmt":"2025-09-18T14:07:52","slug":"zglos-oferte-pracy","status":"publish","type":"page","link":"https:\/\/www.hirecrafts.com\/pl\/zglos-oferte-pracy\/","title":{"rendered":"Zg\u0142o\u015b ofert\u0119 pracy"},"content":{"rendered":"\t\t<div data-elementor-type=\"wp-page\" data-elementor-id=\"4665\" class=\"elementor elementor-4665 elementor-838\">\n\t\t\t\t<div class=\"elementor-element elementor-element-f76a2eb e-flex e-con-boxed e-con e-parent\" data-id=\"f76a2eb\" data-element_type=\"container\" data-e-type=\"container\">\n\t\t\t\t\t<div class=\"e-con-inner\">\n\t\t<div class=\"elementor-element elementor-element-b357aba e-con-full animated-slow e-flex elementor-invisible e-con e-child\" data-id=\"b357aba\" data-element_type=\"container\" data-e-type=\"container\" data-settings=\"{&quot;background_background&quot;:&quot;classic&quot;,&quot;animation&quot;:&quot;bounceInLeft&quot;,&quot;animation_delay&quot;:1000}\">\n\t\t\t\t<div class=\"elementor-element elementor-element-301cc52 elementor-widget elementor-widget-image\" data-id=\"301cc52\" data-element_type=\"widget\" data-e-type=\"widget\" data-widget_type=\"image.default\">\n\t\t\t\t\t\t\t\t\t\t\t\t\t\t\t<img fetchpriority=\"high\" decoding=\"async\" width=\"940\" height=\"788\" src=\"https:\/\/www.hirecrafts.com\/wp-content\/uploads\/submit-vacancy-s.jpg\" class=\"attachment-large size-large wp-image-4669\" alt=\"submit-vacancy-s\" srcset=\"https:\/\/www.hirecrafts.com\/wp-content\/uploads\/submit-vacancy-s.jpg 940w, https:\/\/www.hirecrafts.com\/wp-content\/uploads\/submit-vacancy-s-300x251.jpg 300w, https:\/\/www.hirecrafts.com\/wp-content\/uploads\/submit-vacancy-s-768x644.jpg 768w, https:\/\/www.hirecrafts.com\/wp-content\/uploads\/submit-vacancy-s-600x503.jpg 600w\" sizes=\"(max-width: 940px) 100vw, 940px\" \/>\t\t\t\t\t\t\t\t\t\t\t\t\t\t\t<\/div>\n\t\t\t\t<div class=\"elementor-element elementor-element-d35fcb2 elementor-widget-divider--separator-type-pattern elementor-widget-divider--view-line elementor-widget elementor-widget-divider\" data-id=\"d35fcb2\" data-element_type=\"widget\" data-e-type=\"widget\" data-widget_type=\"divider.default\">\n\t\t\t\t\t\t\t<div class=\"elementor-divider\" style=\"--divider-pattern-url: url(&quot;data:image\/svg+xml,%3Csvg xmlns=&#039;http:\/\/www.w3.org\/2000\/svg&#039; preserveAspectRatio=&#039;none&#039; overflow=&#039;visible&#039; height=&#039;100%&#039; viewBox=&#039;0 0 24 24&#039; fill=&#039;none&#039; stroke=&#039;black&#039; stroke-width=&#039;1&#039; stroke-linecap=&#039;square&#039; stroke-miterlimit=&#039;10&#039;%3E%3Cpath d=&#039;M0,6c6,0,0.9,11.1,6.9,11.1S18,6,24,6&#039;\/%3E%3C\/svg%3E&quot;);\">\n\t\t\t<span class=\"elementor-divider-separator\">\n\t\t\t\t\t\t<\/span>\n\t\t<\/div>\n\t\t\t\t\t\t<\/div>\n\t\t\t\t<div class=\"elementor-element elementor-element-f180396 elementor-drop-cap-yes elementor-drop-cap-view-default elementor-widget elementor-widget-text-editor\" data-id=\"f180396\" data-element_type=\"widget\" data-e-type=\"widget\" data-settings=\"{&quot;drop_cap&quot;:&quot;yes&quot;}\" data-widget_type=\"text-editor.default\">\n\t\t\t\t\t\t\t\t\t<p><em>Zg\u0142o\u015b swoj\u0105 ofert\u0119 pracy u nas i pozw\u00f3l naszym ekspertom zaj\u0105\u0107 si\u0119 reszt\u0105. Szczeg\u00f3\u0142owo analizujemy ka\u017cd\u0105 rol\u0119, aby zrozumie\u0107 Pa\u0144stwa unikalne potrzeby, a nast\u0119pnie korzystamy z naszej wyselekcjonowanej bazy talent\u00f3w, aby znale\u017a\u0107 kandydat\u00f3w, kt\u00f3rzy s\u0105 nie tylko wykwalifikowani, ale tak\u017ce odpowiedni dla kultury Pa\u0144stwa firmy. Dzi\u0119ki naszemu sprawdzonemu procesowi rekrutacyjnemu oszcz\u0119dzaj\u0105 Pa\u0144stwo czas, redukuj\u0105 stres zwi\u0105zany z zatrudnianiem i uzyskuj\u0105 dost\u0119p do najlepszych specjalist\u00f3w gotowych do osi\u0105gni\u0119cia sukcesu. Wsp\u00f3\u0142pracujcie z nami i przekszta\u0142\u0107cie swoj\u0105 ofert\u0119 w kolejn\u0105 histori\u0119 sukcesu.   <\/em><\/p>\t\t\t\t\t\t\t\t<\/div>\n\t\t\t\t<\/div>\n\t\t<div class=\"elementor-element elementor-element-2fee34d e-con-full animated-slow e-flex elementor-invisible e-con e-child\" data-id=\"2fee34d\" data-element_type=\"container\" data-e-type=\"container\" data-settings=\"{&quot;animation&quot;:&quot;fadeIn&quot;,&quot;animation_delay&quot;:1000}\">\n\t\t\t\t<div class=\"elementor-element elementor-element-9327700 elementor-widget__width-inherit elementor-invisible elementor-widget elementor-widget-contact_form\" data-id=\"9327700\" data-element_type=\"widget\" data-e-type=\"widget\" id=\"get-in-touch\" data-settings=\"{&quot;_animation&quot;:&quot;none&quot;}\" data-widget_type=\"contact_form.default\">\n\t\t\t\t<div class=\"elementor-widget-container\">\n\t\t\t\t\t\n        <section class=\"pt-100\">\n            <div class=\"pxp-container\">\n                                    <h2 class=\"pxp-section-h2 text-center\">\n                        Skontaktuj si\u0119 z nami                    <\/h2>\n                \n                <div class=\"row justify-content-center \">\n                    <div class=\"col-lg-6 col-xxl-4\">\n                        <div class=\"pxp-contact-form-block-form\">\n                            <div class=\"mb-4 pxp-contact-form-block-response\"><\/div>\n                            <form class=\"mt-4\">\n                                <input \n                                    type=\"hidden\" \n                                    id=\"pxp-contact-form-block-company-email\" \n                                    value=\"hirecraftscom@gmail.com\"\n                                >\n                                <div class=\"mb-3\">\n                                    <label \n                                        for=\"pxp-contact-form-block-name\" \n                                        class=\"form-label\"\n                                    >\n                                        Nazwa                                    <\/label>\n                                    <input \n                                        type=\"text\" \n                                        class=\"form-control\" \n                                        id=\"pxp-contact-form-block-name\" \n                                        placeholder=\"Wprowad\u017a swoje imi\u0119\"\n                                    >\n                                <\/div>\n                                <div class=\"mb-3\">\n                                    <label \n                                        for=\"pxp-contact-form-block-email\" \n                                        class=\"form-label\"\n                                    >\n                                        Email                                    <\/label>\n                                    <input \n                                        type=\"text\" \n                                        class=\"form-control\" \n                                        id=\"pxp-contact-form-block-email\" \n                                        placeholder=\"Wprowad\u017a sw\u00f3j adres e-mail\"\n                                    >\n                                <\/div>\n                                <div class=\"mb-3\">\n                                    <label \n                                        for=\"pxp-contact-form-block-message\" \n                                        class=\"form-label\"\n                                    >\n                                        Wiadomo\u015b\u0107                                    <\/label>\n                                    <textarea \n                                        class=\"form-control\" \n                                        id=\"pxp-contact-form-block-message\" \n                                        placeholder=\"Wpisz tutaj swoj\u0105 wiadomo\u015b\u0107...\"\n                                    ><\/textarea>\n                                <\/div>\n                                <input type=\"hidden\" id=\"pxp-contact-form-block-security\" name=\"pxp-contact-form-block-security\" value=\"848a48992a\" \/><input type=\"hidden\" name=\"_wp_http_referer\" value=\"\/pl\/wp-json\/wp\/v2\/pages\/4665\" \/>                                <a \n                                    href=\"javascript:void(0);\" \n                                    class=\"btn rounded-pill d-block pxp-contact-form-block-btn\"\n                                >\n                                    <span class=\"pxp-contact-form-block-btn-text\">\n                                        Wy\u015blij wiadomo\u015b\u0107                                    <\/span>\n                                    <span class=\"pxp-contact-form-block-btn-loading pxp-btn-loading\">\n                                        <img decoding=\"async\" \n                                            src=\"https:\/\/www.hirecrafts.com\/wp-content\/themes\/jobster\/images\/loader-light.svg\" \n                                            class=\"pxp-btn-loader\" \n                                            alt=\"...\"\n                                        >\n                                    <\/span>\n                                <\/a>\n                            <\/form>\n                        <\/div>\n                    <\/div>\n                <\/div>\n            <\/div>\n        <\/section>\n    \t\t\t\t<\/div>\n\t\t\t\t<\/div>\n\t\t\t\t<\/div>\n\t\t\t\t\t<\/div>\n\t\t\t\t<\/div>\n\t\t\t\t<\/div>\n\t\t","protected":false},"excerpt":{"rendered":"<p>Zg\u0142o\u015b swoj\u0105 ofert\u0119 pracy u nas i pozw\u00f3l naszym ekspertom zaj\u0105\u0107 si\u0119 reszt\u0105. Szczeg\u00f3\u0142owo analizujemy ka\u017cd\u0105 rol\u0119, aby zrozumie\u0107 Pa\u0144stwa unikalne potrzeby, a nast\u0119pnie korzystamy z naszej wyselekcjonowanej bazy talent\u00f3w,&#46;&#46;&#46;<\/p>\n","protected":false},"author":1,"featured_media":0,"parent":0,"menu_order":1,"comment_status":"closed","ping_status":"closed","template":"full-width.php","meta":{"footnotes":""},"class_list":["post-4665","page","type-page","status-publish","hentry"],"_links":{"self":[{"href":"https:\/\/www.hirecrafts.com\/pl\/wp-json\/wp\/v2\/pages\/4665","targetHints":{"allow":["GET"]}}],"collection":[{"href":"https:\/\/www.hirecrafts.com\/pl\/wp-json\/wp\/v2\/pages"}],"about":[{"href":"https:\/\/www.hirecrafts.com\/pl\/wp-json\/wp\/v2\/types\/page"}],"author":[{"embeddable":true,"href":"https:\/\/www.hirecrafts.com\/pl\/wp-json\/wp\/v2\/users\/1"}],"replies":[{"embeddable":true,"href":"https:\/\/www.hirecrafts.com\/pl\/wp-json\/wp\/v2\/comments?post=4665"}],"version-history":[{"count":6,"href":"https:\/\/www.hirecrafts.com\/pl\/wp-json\/wp\/v2\/pages\/4665\/revisions"}],"predecessor-version":[{"id":4917,"href":"https:\/\/www.hirecrafts.com\/pl\/wp-json\/wp\/v2\/pages\/4665\/revisions\/4917"}],"wp:attachment":[{"href":"https:\/\/www.hirecrafts.com\/pl\/wp-json\/wp\/v2\/media?parent=4665"}],"curies":[{"name":"wp","href":"https:\/\/api.w.org\/{rel}","templated":true}]}}