{"id":4657,"date":"2025-09-04T06:13:13","date_gmt":"2025-09-04T04:13:13","guid":{"rendered":"https:\/\/www.hirecrafts.com\/uzyskaj-bezplatna-konsultacje\/"},"modified":"2025-10-02T00:45:48","modified_gmt":"2025-10-01T22:45:48","slug":"uzyskaj-bezplatna-konsultacje","status":"publish","type":"page","link":"https:\/\/www.hirecrafts.com\/pl\/uzyskaj-bezplatna-konsultacje\/","title":{"rendered":"Uzyskaj bezp\u0142atn\u0105 konsultacj\u0119"},"content":{"rendered":"\t\t<div data-elementor-type=\"wp-page\" data-elementor-id=\"4657\" class=\"elementor elementor-4657 elementor-1038\">\n\t\t\t\t<div class=\"elementor-element elementor-element-be45558 e-flex e-con-boxed e-con e-parent\" data-id=\"be45558\" data-element_type=\"container\" data-e-type=\"container\">\n\t\t\t\t\t<div class=\"e-con-inner\">\n\t\t<div class=\"elementor-element elementor-element-e29f5ca e-con-full e-flex e-con e-child\" data-id=\"e29f5ca\" data-element_type=\"container\" data-e-type=\"container\" data-settings=\"{&quot;background_background&quot;:&quot;classic&quot;,&quot;shape_divider_top&quot;:&quot;triangle&quot;}\">\n\t\t\t\t<div class=\"elementor-shape elementor-shape-top\" aria-hidden=\"true\" data-negative=\"false\">\n\t\t\t<svg xmlns=\"http:\/\/www.w3.org\/2000\/svg\" viewBox=\"0 0 1000 100\" preserveAspectRatio=\"none\">\n\t<path class=\"elementor-shape-fill\" d=\"M500,98.9L0,6.1V0h1000v6.1L500,98.9z\"\/>\n<\/svg>\t\t<\/div>\n\t\t\t\t<\/div>\n\t\t\t\t<div class=\"elementor-element elementor-element-538c688 elementor-widget elementor-widget-text-editor\" data-id=\"538c688\" data-element_type=\"widget\" data-e-type=\"widget\" data-widget_type=\"text-editor.default\">\n\t\t\t\t\t\t\t\t\t<p><span style=\"font-weight: 400;\"><strong>Chcesz rozszerzy\u0107 sw\u00f3j zesp\u00f3\u0142, ale nie wiesz od czego zacz\u0105\u0107?<\/strong> Nasza bezp\u0142atna konsultacja daje Ci bezpo\u015bredni dost\u0119p do do\u015bwiadczonych specjalist\u00f3w ds. rekrutacji, kt\u00f3rzy rozumiej\u0105 wyzwania zwi\u0105zane ze znalezieniem odpowiednich talent\u00f3w na dzisiejszym rynku. Po\u015bwi\u0119cimy czas, by pozna\u0107 potrzeby Twojej firmy, cele rekrutacyjne i kultur\u0119 organizacyjn\u0105, a nast\u0119pnie udzielimy dopasowanych porad dotycz\u0105cych najlepszych strategii przyci\u0105gania i pozyskiwania kandydat\u00f3w. \u017badnych zobowi\u0105za\u0144, \u017cadnych ukrytych koszt\u00f3w \u2014 tylko jasne, profesjonalne wskaz\u00f3wki, kt\u00f3re pomog\u0105 Ci podejmowa\u0107 trafne decyzje rekrutacyjne. Skontaktuj si\u0119 z nami ju\u017c dzi\u015b i zr\u00f3b pierwszy krok w kierunku budowania silniejszego zespo\u0142u.<\/span><\/p>\t\t\t\t\t\t\t\t<\/div>\n\t\t\t\t<div class=\"elementor-element elementor-element-540cd7e elementor-widget-divider--separator-type-pattern elementor-widget-divider--view-line elementor-widget elementor-widget-divider\" data-id=\"540cd7e\" data-element_type=\"widget\" data-e-type=\"widget\" data-widget_type=\"divider.default\">\n\t\t\t\t\t\t\t<div class=\"elementor-divider\" style=\"--divider-pattern-url: url(&quot;data:image\/svg+xml,%3Csvg xmlns=&#039;http:\/\/www.w3.org\/2000\/svg&#039; preserveAspectRatio=&#039;none&#039; overflow=&#039;visible&#039; height=&#039;100%&#039; viewBox=&#039;0 0 24 24&#039; fill=&#039;none&#039; stroke=&#039;black&#039; stroke-width=&#039;1&#039; stroke-linecap=&#039;square&#039; stroke-miterlimit=&#039;10&#039;%3E%3Cpath d=&#039;M0,6c6,0,0.9,11.1,6.9,11.1S18,6,24,6&#039;\/%3E%3C\/svg%3E&quot;);\">\n\t\t\t<span class=\"elementor-divider-separator\">\n\t\t\t\t\t\t<\/span>\n\t\t<\/div>\n\t\t\t\t\t\t<\/div>\n\t\t\t\t\t<\/div>\n\t\t\t\t<\/div>\n\t\t<div class=\"elementor-element elementor-element-7693fab e-flex e-con-boxed e-con e-parent\" data-id=\"7693fab\" data-element_type=\"container\" data-e-type=\"container\">\n\t\t\t\t\t<div class=\"e-con-inner\">\n\t\t<div class=\"elementor-element elementor-element-5367d48 e-con-full animated-slow e-flex elementor-invisible e-con e-child\" data-id=\"5367d48\" data-element_type=\"container\" data-e-type=\"container\" data-settings=\"{&quot;background_background&quot;:&quot;classic&quot;,&quot;animation&quot;:&quot;bounceInLeft&quot;,&quot;animation_delay&quot;:500,&quot;shape_divider_top&quot;:&quot;clouds&quot;,&quot;shape_divider_bottom&quot;:&quot;clouds&quot;}\">\n\t\t\t\t<div class=\"elementor-shape elementor-shape-top\" aria-hidden=\"true\" data-negative=\"false\">\n\t\t\t<svg xmlns=\"http:\/\/www.w3.org\/2000\/svg\" viewBox=\"0 0 283.5 27.8\" preserveAspectRatio=\"xMidYMax slice\">\n  <path class=\"elementor-shape-fill\" d=\"M0 0v6.7c1.9-.8 4.7-1.4 8.5-1 9.5 1.1 11.1 6 11.1 6s2.1-.7 4.3-.2c2.1.5 2.8 2.6 2.8 2.6s.2-.5 1.4-.7c1.2-.2 1.7.2 1.7.2s0-2.1 1.9-2.8c1.9-.7 3.6.7 3.6.7s.7-2.9 3.1-4.1 4.7 0 4.7 0 1.2-.5 2.4 0 1.7 1.4 1.7 1.4h1.4c.7 0 1.2.7 1.2.7s.8-1.8 4-2.2c3.5-.4 5.3 2.4 6.2 4.4.4-.4 1-.7 1.8-.9 2.8-.7 4 .7 4 .7s1.7-5 11.1-6c9.5-1.1 12.3 3.9 12.3 3.9s1.2-4.8 5.7-5.7c4.5-.9 6.8 1.8 6.8 1.8s.6-.6 1.5-.9c.9-.2 1.9-.2 1.9-.2s5.2-6.4 12.6-3.3c7.3 3.1 4.7 9 4.7 9s1.9-.9 4 0 2.8 2.4 2.8 2.4 1.9-1.2 4.5-1.2 4.3 1.2 4.3 1.2.2-1 1.4-1.7 2.1-.7 2.1-.7-.5-3.1 2.1-5.5 5.7-1.4 5.7-1.4 1.5-2.3 4.2-1.1c2.7 1.2 1.7 5.2 1.7 5.2s.3-.1 1.3.5c.5.4.8.8.9 1.1.5-1.4 2.4-5.8 8.4-4 7.1 2.1 3.5 8.9 3.5 8.9s.8-.4 2 0 1.1 1.1 1.1 1.1 1.1-1.1 2.3-1.1 2.1.5 2.1.5 1.9-3.6 6.2-1.2 1.9 6.4 1.9 6.4 2.6-2.4 7.4 0c3.4 1.7 3.9 4.9 3.9 4.9s3.3-6.9 10.4-7.9 11.5 2.6 11.5 2.6.8 0 1.2.2c.4.2.9.9.9.9s4.4-3.1 8.3.2c1.9 1.7 1.5 5 1.5 5s.3-1.1 1.6-1.4c1.3-.3 2.3.2 2.3.2s-.1-1.2.5-1.9 1.9-.9 1.9-.9-4.7-9.3 4.4-13.4c5.6-2.5 9.2.9 9.2.9s5-6.2 15.9-6.2 16.1 8.1 16.1 8.1.7-.2 1.6-.4V0H0z\"\/>\n<\/svg>\n\t\t<\/div>\n\t\t\t\t<div class=\"elementor-shape elementor-shape-bottom\" aria-hidden=\"true\" data-negative=\"false\">\n\t\t\t<svg xmlns=\"http:\/\/www.w3.org\/2000\/svg\" viewBox=\"0 0 283.5 27.8\" preserveAspectRatio=\"xMidYMax slice\">\n  <path class=\"elementor-shape-fill\" d=\"M0 0v6.7c1.9-.8 4.7-1.4 8.5-1 9.5 1.1 11.1 6 11.1 6s2.1-.7 4.3-.2c2.1.5 2.8 2.6 2.8 2.6s.2-.5 1.4-.7c1.2-.2 1.7.2 1.7.2s0-2.1 1.9-2.8c1.9-.7 3.6.7 3.6.7s.7-2.9 3.1-4.1 4.7 0 4.7 0 1.2-.5 2.4 0 1.7 1.4 1.7 1.4h1.4c.7 0 1.2.7 1.2.7s.8-1.8 4-2.2c3.5-.4 5.3 2.4 6.2 4.4.4-.4 1-.7 1.8-.9 2.8-.7 4 .7 4 .7s1.7-5 11.1-6c9.5-1.1 12.3 3.9 12.3 3.9s1.2-4.8 5.7-5.7c4.5-.9 6.8 1.8 6.8 1.8s.6-.6 1.5-.9c.9-.2 1.9-.2 1.9-.2s5.2-6.4 12.6-3.3c7.3 3.1 4.7 9 4.7 9s1.9-.9 4 0 2.8 2.4 2.8 2.4 1.9-1.2 4.5-1.2 4.3 1.2 4.3 1.2.2-1 1.4-1.7 2.1-.7 2.1-.7-.5-3.1 2.1-5.5 5.7-1.4 5.7-1.4 1.5-2.3 4.2-1.1c2.7 1.2 1.7 5.2 1.7 5.2s.3-.1 1.3.5c.5.4.8.8.9 1.1.5-1.4 2.4-5.8 8.4-4 7.1 2.1 3.5 8.9 3.5 8.9s.8-.4 2 0 1.1 1.1 1.1 1.1 1.1-1.1 2.3-1.1 2.1.5 2.1.5 1.9-3.6 6.2-1.2 1.9 6.4 1.9 6.4 2.6-2.4 7.4 0c3.4 1.7 3.9 4.9 3.9 4.9s3.3-6.9 10.4-7.9 11.5 2.6 11.5 2.6.8 0 1.2.2c.4.2.9.9.9.9s4.4-3.1 8.3.2c1.9 1.7 1.5 5 1.5 5s.3-1.1 1.6-1.4c1.3-.3 2.3.2 2.3.2s-.1-1.2.5-1.9 1.9-.9 1.9-.9-4.7-9.3 4.4-13.4c5.6-2.5 9.2.9 9.2.9s5-6.2 15.9-6.2 16.1 8.1 16.1 8.1.7-.2 1.6-.4V0H0z\"\/>\n<\/svg>\n\t\t<\/div>\n\t\t\t\t<div class=\"elementor-element elementor-element-3a08703 elementor-widget elementor-widget-image\" data-id=\"3a08703\" data-element_type=\"widget\" data-e-type=\"widget\" data-widget_type=\"image.default\">\n\t\t\t\t\t\t\t\t\t\t\t\t\t\t\t<img fetchpriority=\"high\" decoding=\"async\" width=\"1024\" height=\"683\" src=\"https:\/\/www.hirecrafts.com\/wp-content\/uploads\/blog-3-1024x683.jpeg\" class=\"attachment-large size-large wp-image-4658\" alt=\"\" srcset=\"https:\/\/www.hirecrafts.com\/wp-content\/uploads\/blog-3-1024x683.jpeg 1024w, https:\/\/www.hirecrafts.com\/wp-content\/uploads\/blog-3-300x200.jpeg 300w, https:\/\/www.hirecrafts.com\/wp-content\/uploads\/blog-3-768x512.jpeg 768w, https:\/\/www.hirecrafts.com\/wp-content\/uploads\/blog-3-1536x1024.jpeg 1536w, https:\/\/www.hirecrafts.com\/wp-content\/uploads\/blog-3-600x400.jpeg 600w, https:\/\/www.hirecrafts.com\/wp-content\/uploads\/blog-3.jpeg 1920w\" sizes=\"(max-width: 1024px) 100vw, 1024px\" \/>\t\t\t\t\t\t\t\t\t\t\t\t\t\t\t<\/div>\n\t\t\t\t<\/div>\n\t\t<div class=\"elementor-element elementor-element-133aaad e-con-full animated-slow e-flex elementor-invisible e-con e-child\" data-id=\"133aaad\" data-element_type=\"container\" data-e-type=\"container\" data-settings=\"{&quot;animation&quot;:&quot;fadeIn&quot;,&quot;animation_delay&quot;:300}\">\n\t\t\t\t<div class=\"elementor-element elementor-element-e4b7acb elementor-widget elementor-widget-heading\" data-id=\"e4b7acb\" data-element_type=\"widget\" data-e-type=\"widget\" data-widget_type=\"heading.default\">\n\t\t\t\t\t<h2 class=\"elementor-heading-title elementor-size-default\">Skontaktuj si\u0119 z nami<\/h2>\t\t\t\t<\/div>\n\t\t\t\t<div class=\"elementor-element elementor-element-c9455c6 elementor-widget elementor-widget-shortcode\" data-id=\"c9455c6\" data-element_type=\"widget\" data-e-type=\"widget\" data-widget_type=\"shortcode.default\">\n\t\t\t\t\t\t\t<div class=\"elementor-shortcode\"><form class=\"bcs-form\" onsubmit=\"return false;\">\n  <div class=\"bcs-grid\">\n    <label> Name\n      <input type=\"text\" name=\"name\" required>\n    <\/label>\n    <label> Organization\n      <input type=\"text\" name=\"org\" required>\n    <\/label>\n    <label> Email\n      <input type=\"email\" name=\"email\" required>\n    <\/label>\n    <label> Phone number\n      <input type=\"tel\" name=\"phone\" required>\n    <\/label>\n  <\/div>\n  <div class=\"bcs-grid\">\n    <label> Date\n      <input type=\"text\" name=\"date\" class=\"bcs-date\" data-min=\"2026-04-17\" data-max=\"2026-04-30\" required>\n    <\/label>\n    <label> Time slot\n      <select name=\"slot\" class=\"bcs-slot\" required><option value=\"\">...<\/option><\/select>\n    <\/label>\n    <label> Message\n      <textarea name=\"message\" rows=\"3\" placeholder=\"Optional\"><\/textarea>\n    <\/label>\n  <\/div>\n  <div class=\"bcs-tz-badge\">\ud83d\udd52 Czasy wy\u015bwietlane w Twoim czasie lokalnym (Czas witryny: Europe\/Warsaw)<\/div>\n  <button class=\"bcs-book\">Ksi\u0105\u017cka<\/button>\n  <div class=\"bcs-msg\" role=\"status\" aria-live=\"polite\"><\/div>\n<\/form>\n<\/div>\n\t\t\t\t\t\t<\/div>\n\t\t\t\t<\/div>\n\t\t\t\t\t<\/div>\n\t\t\t\t<\/div>\n\t\t\t\t<\/div>\n\t\t","protected":false},"excerpt":{"rendered":"<p>Chcesz rozszerzy\u0107 sw\u00f3j zesp\u00f3\u0142, ale nie wiesz od czego zacz\u0105\u0107? Nasza bezp\u0142atna konsultacja daje Ci bezpo\u015bredni dost\u0119p do do\u015bwiadczonych specjalist\u00f3w ds. rekrutacji, kt\u00f3rzy rozumiej\u0105 wyzwania zwi\u0105zane ze znalezieniem odpowiednich talent\u00f3w&#46;&#46;&#46;<\/p>\n","protected":false},"author":1,"featured_media":0,"parent":0,"menu_order":1,"comment_status":"closed","ping_status":"closed","template":"full-width.php","meta":{"footnotes":""},"class_list":["post-4657","page","type-page","status-publish","hentry"],"_links":{"self":[{"href":"https:\/\/www.hirecrafts.com\/pl\/wp-json\/wp\/v2\/pages\/4657","targetHints":{"allow":["GET"]}}],"collection":[{"href":"https:\/\/www.hirecrafts.com\/pl\/wp-json\/wp\/v2\/pages"}],"about":[{"href":"https:\/\/www.hirecrafts.com\/pl\/wp-json\/wp\/v2\/types\/page"}],"author":[{"embeddable":true,"href":"https:\/\/www.hirecrafts.com\/pl\/wp-json\/wp\/v2\/users\/1"}],"replies":[{"embeddable":true,"href":"https:\/\/www.hirecrafts.com\/pl\/wp-json\/wp\/v2\/comments?post=4657"}],"version-history":[{"count":6,"href":"https:\/\/www.hirecrafts.com\/pl\/wp-json\/wp\/v2\/pages\/4657\/revisions"}],"predecessor-version":[{"id":5423,"href":"https:\/\/www.hirecrafts.com\/pl\/wp-json\/wp\/v2\/pages\/4657\/revisions\/5423"}],"wp:attachment":[{"href":"https:\/\/www.hirecrafts.com\/pl\/wp-json\/wp\/v2\/media?parent=4657"}],"curies":[{"name":"wp","href":"https:\/\/api.w.org\/{rel}","templated":true}]}}