{"id":4645,"date":"2022-06-08T15:40:57","date_gmt":"2022-06-08T13:40:57","guid":{"rendered":"https:\/\/www.hirecrafts.com\/kontakt\/"},"modified":"2026-01-17T03:11:19","modified_gmt":"2026-01-17T02:11:19","slug":"kontakt","status":"publish","type":"page","link":"https:\/\/www.hirecrafts.com\/pl\/kontakt\/","title":{"rendered":"Kontakt"},"content":{"rendered":"\t\t<div data-elementor-type=\"wp-page\" data-elementor-id=\"4645\" class=\"elementor elementor-4645 elementor-141\">\n\t\t\t\t\t\t<section class=\"elementor-section elementor-top-section elementor-element elementor-element-bc2b16c elementor-section-full_width elementor-section-height-default elementor-section-height-default\" data-id=\"bc2b16c\" data-element_type=\"section\" data-e-type=\"section\">\n\t\t\t\t\t\t<div class=\"elementor-container elementor-column-gap-no\">\n\t\t\t\t\t<div class=\"elementor-column elementor-col-100 elementor-top-column elementor-element elementor-element-99b332b\" data-id=\"99b332b\" data-element_type=\"column\" data-e-type=\"column\">\n\t\t\t<div class=\"elementor-widget-wrap elementor-element-populated\">\n\t\t\t\t\t\t<div class=\"elementor-element elementor-element-3f9fd62 elementor-invisible elementor-widget elementor-widget-contact_info\" data-id=\"3f9fd62\" data-element_type=\"widget\" data-e-type=\"widget\" data-settings=\"{&quot;_animation&quot;:&quot;none&quot;}\" data-widget_type=\"contact_info.default\">\n\t\t\t\t<div class=\"elementor-widget-container\">\n\t\t\t\t\t\n        <section class=\"pt-100\">\n            <div class=\"pxp-container\">\n                                    <h2 class=\"pxp-section-h2 text-center\">\n                        We&#039;d love to hear from you                    <\/h2>\n                                    <p class=\"pxp-text-light text-center\">\n                        Get in touch with us                    <\/p>\n                \n                <div class=\"row mt-4 mt-md-5 justify-content-center \">\n                                            <div class=\"col-lg-4 col-xxl-3 pxp-contact-card-1-container\">\n                            <div class=\"pxp-contact-card-1\">\n                                <div class=\"pxp-contact-card-1-icon-container\">\n                                    <div class=\"pxp-contact-card-1-icon\">\n                                        <span class=\"fa fa-globe\"><\/span>\n                                    <\/div>\n                                <\/div>\n                                <div class=\"pxp-contact-card-1-title\">\n                                    Krakow, Poland                                <\/div>\n                            <\/div>\n                        <\/div>\n                                            <div class=\"col-lg-4 col-xxl-3 pxp-contact-card-1-container\">\n                            <a \n                                href=\"tel:(+48) 883 303 883\" \n                                class=\"pxp-contact-card-1\"\n                            >\n                                <div class=\"pxp-contact-card-1-icon-container\">\n                                    <div class=\"pxp-contact-card-1-icon\">\n                                        <span class=\"fa fa-phone\"><\/span>\n                                    <\/div>\n                                <\/div>\n                                <div class=\"pxp-contact-card-1-title\">\n                                    (+48) 883 303 883                                <\/div>\n                            <\/a>\n                        <\/div>\n                                            <div class=\"col-lg-4 col-xxl-3 pxp-contact-card-1-container\">\n                            <a \n                                href=\"mailto:office@hirecrafts.com\" \n                                class=\"pxp-contact-card-1\"\n                            >\n                                <div class=\"pxp-contact-card-1-icon-container\">\n                                    <div class=\"pxp-contact-card-1-icon\">\n                                        <span class=\"fa fa-envelope-o\"><\/span>\n                                    <\/div>\n                                <\/div>\n                                <div class=\"pxp-contact-card-1-title\">\n                                    office@hirecrafts.com                                <\/div>\n                            <\/a>\n                        <\/div>\n                                    <\/div>\n            <\/div>\n        <\/section>\n    \t\t\t\t<\/div>\n\t\t\t\t<\/div>\n\t\t\t\t\t<\/div>\n\t\t<\/div>\n\t\t\t\t\t<\/div>\n\t\t<\/section>\n\t\t\t\t<section class=\"elementor-section elementor-top-section elementor-element elementor-element-6a912fa elementor-section-full_width elementor-section-height-default elementor-section-height-default\" data-id=\"6a912fa\" data-element_type=\"section\" data-e-type=\"section\">\n\t\t\t\t\t\t<div class=\"elementor-container elementor-column-gap-no\">\n\t\t\t\t\t<div class=\"elementor-column elementor-col-100 elementor-top-column elementor-element elementor-element-a56dcac\" data-id=\"a56dcac\" data-element_type=\"column\" data-e-type=\"column\">\n\t\t\t<div class=\"elementor-widget-wrap elementor-element-populated\">\n\t\t\t\t\t\t<div class=\"elementor-element elementor-element-d7d05c8 elementor-invisible elementor-widget elementor-widget-contact_form\" data-id=\"d7d05c8\" data-element_type=\"widget\" data-e-type=\"widget\" data-settings=\"{&quot;_animation&quot;:&quot;none&quot;}\" data-widget_type=\"contact_form.default\">\n\t\t\t\t<div class=\"elementor-widget-container\">\n\t\t\t\t\t\n        <section class=\"pt-100\">\n            <div class=\"pxp-container\">\n                                    <h2 class=\"pxp-section-h2 text-center\">\n                        Contact Us                    <\/h2>\n                \n                <div class=\"row justify-content-center \">\n                    <div class=\"col-lg-6 col-xxl-4\">\n                        <div class=\"pxp-contact-form-block-form\">\n                            <div class=\"mb-4 pxp-contact-form-block-response\"><\/div>\n                            <form class=\"mt-4\">\n                                <input \n                                    type=\"hidden\" \n                                    id=\"pxp-contact-form-block-company-email\" \n                                    value=\"hirecraftscom@gmail.com\"\n                                >\n                                <div class=\"mb-3\">\n                                    <label \n                                        for=\"pxp-contact-form-block-name\" \n                                        class=\"form-label\"\n                                    >\n                                        Nazwa                                    <\/label>\n                                    <input \n                                        type=\"text\" \n                                        class=\"form-control\" \n                                        id=\"pxp-contact-form-block-name\" \n                                        placeholder=\"Wprowad\u017a swoje imi\u0119\"\n                                    >\n                                <\/div>\n                                <div class=\"mb-3\">\n                                    <label \n                                        for=\"pxp-contact-form-block-email\" \n                                        class=\"form-label\"\n                                    >\n                                        Email                                    <\/label>\n                                    <input \n                                        type=\"text\" \n                                        class=\"form-control\" \n                                        id=\"pxp-contact-form-block-email\" \n                                        placeholder=\"Wprowad\u017a sw\u00f3j adres e-mail\"\n                                    >\n                                <\/div>\n                                <div class=\"mb-3\">\n                                    <label \n                                        for=\"pxp-contact-form-block-message\" \n                                        class=\"form-label\"\n                                    >\n                                        Wiadomo\u015b\u0107                                    <\/label>\n                                    <textarea \n                                        class=\"form-control\" \n                                        id=\"pxp-contact-form-block-message\" \n                                        placeholder=\"Wpisz tutaj swoj\u0105 wiadomo\u015b\u0107...\"\n                                    ><\/textarea>\n                                <\/div>\n                                <input type=\"hidden\" id=\"pxp-contact-form-block-security\" name=\"pxp-contact-form-block-security\" value=\"848a48992a\" \/><input type=\"hidden\" name=\"_wp_http_referer\" value=\"\/pl\/wp-json\/wp\/v2\/pages\/4645\" \/>                                <a \n                                    href=\"javascript:void(0);\" \n                                    class=\"btn rounded-pill d-block pxp-contact-form-block-btn\"\n                                >\n                                    <span class=\"pxp-contact-form-block-btn-text\">\n                                        Wy\u015blij wiadomo\u015b\u0107                                    <\/span>\n                                    <span class=\"pxp-contact-form-block-btn-loading pxp-btn-loading\">\n                                        <img decoding=\"async\" \n                                            src=\"https:\/\/www.hirecrafts.com\/wp-content\/themes\/jobster\/images\/loader-light.svg\" \n                                            class=\"pxp-btn-loader\" \n                                            alt=\"...\"\n                                        >\n                                    <\/span>\n                                <\/a>\n                            <\/form>\n                        <\/div>\n                    <\/div>\n                <\/div>\n            <\/div>\n        <\/section>\n    \t\t\t\t<\/div>\n\t\t\t\t<\/div>\n\t\t\t\t\t<\/div>\n\t\t<\/div>\n\t\t\t\t\t<\/div>\n\t\t<\/section>\n\t\t\t\t<\/div>\n\t\t","protected":false},"excerpt":{"rendered":"<p>We&#039;d love to hear from you Get in touch with us Krakow, Poland (+48) 883 303 883 office@hirecrafts.com Contact Us Name Email Message Send Message<\/p>\n","protected":false},"author":1,"featured_media":0,"parent":0,"menu_order":3,"comment_status":"closed","ping_status":"closed","template":"full-width.php","meta":{"footnotes":""},"class_list":["post-4645","page","type-page","status-publish","hentry"],"_links":{"self":[{"href":"https:\/\/www.hirecrafts.com\/pl\/wp-json\/wp\/v2\/pages\/4645","targetHints":{"allow":["GET"]}}],"collection":[{"href":"https:\/\/www.hirecrafts.com\/pl\/wp-json\/wp\/v2\/pages"}],"about":[{"href":"https:\/\/www.hirecrafts.com\/pl\/wp-json\/wp\/v2\/types\/page"}],"author":[{"embeddable":true,"href":"https:\/\/www.hirecrafts.com\/pl\/wp-json\/wp\/v2\/users\/1"}],"replies":[{"embeddable":true,"href":"https:\/\/www.hirecrafts.com\/pl\/wp-json\/wp\/v2\/comments?post=4645"}],"version-history":[{"count":5,"href":"https:\/\/www.hirecrafts.com\/pl\/wp-json\/wp\/v2\/pages\/4645\/revisions"}],"predecessor-version":[{"id":5931,"href":"https:\/\/www.hirecrafts.com\/pl\/wp-json\/wp\/v2\/pages\/4645\/revisions\/5931"}],"wp:attachment":[{"href":"https:\/\/www.hirecrafts.com\/pl\/wp-json\/wp\/v2\/media?parent=4645"}],"curies":[{"name":"wp","href":"https:\/\/api.w.org\/{rel}","templated":true}]}}